{"id":2395,"date":"2025-11-24T23:12:44","date_gmt":"2025-11-24T22:12:44","guid":{"rendered":"https:\/\/big.pwdev.de\/imprint\/"},"modified":"2025-12-12T07:45:55","modified_gmt":"2025-12-12T06:45:55","slug":"impressum","status":"publish","type":"page","link":"https:\/\/www.bigcde.com\/de\/impressum\/","title":{"rendered":"Impressum"},"content":{"rendered":"\t\t<div data-elementor-type=\"wp-page\" data-elementor-id=\"2395\" class=\"elementor elementor-2395 elementor-1899\" data-elementor-post-type=\"page\">\n\t\t\t\t<div class=\"elementor-element elementor-element-76380d0 e-flex e-con-boxed e-con e-parent\" data-id=\"76380d0\" data-element_type=\"container\" data-e-type=\"container\" data-settings=\"{&quot;background_background&quot;:&quot;gradient&quot;,&quot;jet_parallax_layout_list&quot;:[]}\">\n\t\t\t\t\t<div class=\"e-con-inner\">\n\t\t\t\t<div class=\"elementor-element elementor-element-c38773e elementor-widget elementor-widget-heading\" data-id=\"c38773e\" data-element_type=\"widget\" data-e-type=\"widget\" data-widget_type=\"heading.default\">\n\t\t\t\t<div class=\"elementor-widget-container\">\n\t\t\t\t\t<h2 class=\"elementor-heading-title elementor-size-default\">Imprint<\/h2>\t\t\t\t<\/div>\n\t\t\t\t<\/div>\n\t\t\t\t\t<\/div>\n\t\t\t\t<\/div>\n\t\t<div class=\"elementor-element elementor-element-877da58 e-flex e-con-boxed e-con e-parent\" data-id=\"877da58\" data-element_type=\"container\" data-e-type=\"container\" id=\"residential\" data-settings=\"{&quot;jet_parallax_layout_list&quot;:[]}\">\n\t\t\t\t\t<div class=\"e-con-inner\">\n\t\t\t\t<div class=\"elementor-element elementor-element-f0ba93b elementor-widget-mobile__width-inherit elementor-widget elementor-widget-text-editor\" data-id=\"f0ba93b\" data-element_type=\"widget\" data-e-type=\"widget\" data-widget_type=\"text-editor.default\">\n\t\t\t\t<div class=\"elementor-widget-container\">\n\t\t\t\t\t\t\t\t\t<p class=\"p1\"><strong>Webseiteninhaber<\/strong><\/p><p class=\"p1\">Kaulquappe AG<br \/>Badenerstrasse 141<br \/>8004 Z\u00fcrich, Schweiz<\/p><p class=\"p1\"><b>Kontaktangaben<\/b><br \/>Tel: +41 43 500 25 12<br \/><a href=\"mailto:info@kaulquappe.com\">info@kaulquappe.com<\/a><br \/><a href=\"https:\/\/www.build-big.ch\/impressum\/www.kaulquappe.com\">www.kaulquappe.com<\/a><\/p><p><b>Produkt<\/b><br \/>big\u00ae \u2013 Software-as-a-Service<br \/><a href=\"https:\/\/www.build-big.ch\/impressum\/www.build-big.com\">www.bigCDE.com<\/a><\/p><p class=\"p1\"><b>Gesch\u00e4ftsleitung<\/b><br \/>Markus Giera, Stefanie Schumacher<\/p><p class=\"p1\"><b>Steuerangaben<\/b><br \/>MWST.-ID: CHE 114.727.362<\/p><p class=\"p1\"><b>Bankdaten<\/b><br \/>Z\u00fcrcher Kantonalbank<br \/>CH6500700110001949820<br \/>Swift\/BIC ZKBKCHZZ80A<\/p><p class=\"p1\"><b>AGB&#8217;s<\/b><br \/>Unsere Allgemeinen Gesch\u00e4ftsbedingungen finden Sie <a href=\"https:\/\/www.build-big.ch\/media\/kaulquappe_agbs.pdf\">hier &gt;<\/a><\/p><p><strong>Haftungsausschluss<\/strong><br \/>Die Kaulquappe AG \u00fcbernimmt keine Haftung f\u00fcr externe Websites, die \u00fcber Hyperlinks erreichbar sind. Die Verantwortung f\u00fcr solche externen Inhalte liegt ausschlie\u00dflich bei den jeweiligen Betreibern.<\/p><p><strong>Datenschutz<\/strong><br \/>Informationen zum Datenschutz finden Sie in unserer Datenschutzerkl\u00e4rung und der Datenverarbeitungsvereinbarung (DPA) f\u00fcr big\u00ae.<\/p><p class=\"p2\">Copyright\u00a9<br \/>Copyright Kaulquappe AG, Z\u00fcrich<\/p>\t\t\t\t\t\t\t\t<\/div>\n\t\t\t\t<\/div>\n\t\t<div class=\"elementor-element elementor-element-a32528d e-con-full e-flex e-con e-child\" data-id=\"a32528d\" data-element_type=\"container\" data-e-type=\"container\" data-settings=\"{&quot;jet_parallax_layout_list&quot;:[]}\">\n\t\t\t\t<\/div>\n\t\t\t\t\t<\/div>\n\t\t\t\t<\/div>\n\t\t\t\t<\/div>\n\t\t","protected":false},"excerpt":{"rendered":"<p>Imprint Webseiteninhaber Kaulquappe AGBadenerstrasse 1418004 Z\u00fcrich, Schweiz KontaktangabenTel: +41 43 500 25 12info@kaulquappe.comwww.kaulquappe.com Produktbig\u00ae \u2013 Software-as-a-Servicewww.bigCDE.com Gesch\u00e4ftsleitungMarkus Giera, Stefanie Schumacher SteuerangabenMWST.-ID: CHE 114.727.362 BankdatenZ\u00fcrcher KantonalbankCH6500700110001949820Swift\/BIC ZKBKCHZZ80A AGB&#8217;sUnsere Allgemeinen Gesch\u00e4ftsbedingungen finden Sie hier &gt; HaftungsausschlussDie Kaulquappe AG \u00fcbernimmt keine Haftung f\u00fcr externe Websites, die \u00fcber Hyperlinks erreichbar sind. Die Verantwortung f\u00fcr solche externen Inhalte liegt ausschlie\u00dflich [&hellip;]<\/p>\n","protected":false},"author":3,"featured_media":0,"parent":0,"menu_order":0,"comment_status":"closed","ping_status":"closed","template":"elementor_header_footer","meta":{"content-type":"","footnotes":""},"class_list":["post-2395","page","type-page","status-publish","hentry"],"yoast_head":"<!-- This site is optimized with the Yoast SEO plugin v27.1.1 - https:\/\/yoast.com\/product\/yoast-seo-wordpress\/ -->\n<title>Innovation f\u00fcr Bau, BIM &amp; Plattforml\u00f6sungen - Kaulquappe &amp; big\u00ae<\/title>\n<meta name=\"description\" content=\"Hinter big\u00ae steht die Kaulquappe AG \u2013 ein Pionier f\u00fcr BIM, IT und Digitalisierung im Bau. 50+ Expert:innen, 3 Standorte, 1.500+ Projekte.\" \/>\n<meta name=\"robots\" content=\"index, follow, max-snippet:-1, max-image-preview:large, max-video-preview:-1\" \/>\n<link rel=\"canonical\" href=\"https:\/\/www.bigcde.com\/de\/impressum\/\" \/>\n<meta property=\"og:locale\" content=\"de_DE\" \/>\n<meta property=\"og:type\" content=\"article\" \/>\n<meta property=\"og:title\" content=\"Innovation f\u00fcr Bau, BIM &amp; Plattforml\u00f6sungen - Kaulquappe &amp; big\u00ae\" \/>\n<meta property=\"og:description\" content=\"Hinter big\u00ae steht die Kaulquappe AG \u2013 ein Pionier f\u00fcr BIM, IT und Digitalisierung im Bau. 50+ Expert:innen, 3 Standorte, 1.500+ Projekte.\" \/>\n<meta property=\"og:url\" content=\"https:\/\/www.bigcde.com\/de\/impressum\/\" \/>\n<meta property=\"og:site_name\" content=\"big\" \/>\n<meta property=\"article:modified_time\" content=\"2025-12-12T06:45:55+00:00\" \/>\n<meta property=\"og:image\" content=\"https:\/\/www.bigcde.com\/wp-content\/uploads\/2025\/11\/award.jpg\" \/>\n\t<meta property=\"og:image:width\" content=\"1344\" \/>\n\t<meta property=\"og:image:height\" content=\"894\" \/>\n\t<meta property=\"og:image:type\" content=\"image\/jpeg\" \/>\n<meta name=\"twitter:card\" content=\"summary_large_image\" \/>\n<meta name=\"twitter:label1\" content=\"Gesch\u00e4tzte Lesezeit\" \/>\n\t<meta name=\"twitter:data1\" content=\"1\u00a0Minute\" \/>\n<script type=\"application\/ld+json\" class=\"yoast-schema-graph\">{\"@context\":\"https:\/\/schema.org\",\"@graph\":[{\"@type\":\"WebPage\",\"@id\":\"https:\/\/www.bigcde.com\/de\/impressum\/\",\"url\":\"https:\/\/www.bigcde.com\/de\/impressum\/\",\"name\":\"Innovation f\u00fcr Bau, BIM & Plattforml\u00f6sungen - Kaulquappe & big\u00ae\",\"isPartOf\":{\"@id\":\"https:\/\/www.bigcde.com\/#website\"},\"datePublished\":\"2025-11-24T22:12:44+00:00\",\"dateModified\":\"2025-12-12T06:45:55+00:00\",\"description\":\"Hinter big\u00ae steht die Kaulquappe AG \u2013 ein Pionier f\u00fcr BIM, IT und Digitalisierung im Bau. 50+ Expert:innen, 3 Standorte, 1.500+ Projekte.\",\"breadcrumb\":{\"@id\":\"https:\/\/www.bigcde.com\/de\/impressum\/#breadcrumb\"},\"inLanguage\":\"de\",\"potentialAction\":[{\"@type\":\"ReadAction\",\"target\":[\"https:\/\/www.bigcde.com\/de\/impressum\/\"]}]},{\"@type\":\"BreadcrumbList\",\"@id\":\"https:\/\/www.bigcde.com\/de\/impressum\/#breadcrumb\",\"itemListElement\":[{\"@type\":\"ListItem\",\"position\":1,\"name\":\"Home\",\"item\":\"https:\/\/www.bigcde.com\/de\/\"},{\"@type\":\"ListItem\",\"position\":2,\"name\":\"Impressum\"}]},{\"@type\":\"WebSite\",\"@id\":\"https:\/\/www.bigcde.com\/#website\",\"url\":\"https:\/\/www.bigcde.com\/\",\"name\":\"big\",\"description\":\"build. integrate. grow.\",\"potentialAction\":[{\"@type\":\"SearchAction\",\"target\":{\"@type\":\"EntryPoint\",\"urlTemplate\":\"https:\/\/www.bigcde.com\/?s={search_term_string}\"},\"query-input\":{\"@type\":\"PropertyValueSpecification\",\"valueRequired\":true,\"valueName\":\"search_term_string\"}}],\"inLanguage\":\"de\"}]}<\/script>\n<!-- \/ Yoast SEO plugin. -->","yoast_head_json":{"title":"Innovation f\u00fcr Bau, BIM & Plattforml\u00f6sungen - Kaulquappe & big\u00ae","description":"Hinter big\u00ae steht die Kaulquappe AG \u2013 ein Pionier f\u00fcr BIM, IT und Digitalisierung im Bau. 50+ Expert:innen, 3 Standorte, 1.500+ Projekte.","robots":{"index":"index","follow":"follow","max-snippet":"max-snippet:-1","max-image-preview":"max-image-preview:large","max-video-preview":"max-video-preview:-1"},"canonical":"https:\/\/www.bigcde.com\/de\/impressum\/","og_locale":"de_DE","og_type":"article","og_title":"Innovation f\u00fcr Bau, BIM & Plattforml\u00f6sungen - Kaulquappe & big\u00ae","og_description":"Hinter big\u00ae steht die Kaulquappe AG \u2013 ein Pionier f\u00fcr BIM, IT und Digitalisierung im Bau. 50+ Expert:innen, 3 Standorte, 1.500+ Projekte.","og_url":"https:\/\/www.bigcde.com\/de\/impressum\/","og_site_name":"big","article_modified_time":"2025-12-12T06:45:55+00:00","og_image":[{"width":1344,"height":894,"url":"https:\/\/www.bigcde.com\/wp-content\/uploads\/2025\/11\/award.jpg","type":"image\/jpeg"}],"twitter_card":"summary_large_image","twitter_misc":{"Gesch\u00e4tzte Lesezeit":"1\u00a0Minute"},"schema":{"@context":"https:\/\/schema.org","@graph":[{"@type":"WebPage","@id":"https:\/\/www.bigcde.com\/de\/impressum\/","url":"https:\/\/www.bigcde.com\/de\/impressum\/","name":"Innovation f\u00fcr Bau, BIM & Plattforml\u00f6sungen - Kaulquappe & big\u00ae","isPartOf":{"@id":"https:\/\/www.bigcde.com\/#website"},"datePublished":"2025-11-24T22:12:44+00:00","dateModified":"2025-12-12T06:45:55+00:00","description":"Hinter big\u00ae steht die Kaulquappe AG \u2013 ein Pionier f\u00fcr BIM, IT und Digitalisierung im Bau. 50+ Expert:innen, 3 Standorte, 1.500+ Projekte.","breadcrumb":{"@id":"https:\/\/www.bigcde.com\/de\/impressum\/#breadcrumb"},"inLanguage":"de","potentialAction":[{"@type":"ReadAction","target":["https:\/\/www.bigcde.com\/de\/impressum\/"]}]},{"@type":"BreadcrumbList","@id":"https:\/\/www.bigcde.com\/de\/impressum\/#breadcrumb","itemListElement":[{"@type":"ListItem","position":1,"name":"Home","item":"https:\/\/www.bigcde.com\/de\/"},{"@type":"ListItem","position":2,"name":"Impressum"}]},{"@type":"WebSite","@id":"https:\/\/www.bigcde.com\/#website","url":"https:\/\/www.bigcde.com\/","name":"big","description":"build. integrate. grow.","potentialAction":[{"@type":"SearchAction","target":{"@type":"EntryPoint","urlTemplate":"https:\/\/www.bigcde.com\/?s={search_term_string}"},"query-input":{"@type":"PropertyValueSpecification","valueRequired":true,"valueName":"search_term_string"}}],"inLanguage":"de"}]}},"_links":{"self":[{"href":"https:\/\/www.bigcde.com\/de\/wp-json\/wp\/v2\/pages\/2395","targetHints":{"allow":["GET"]}}],"collection":[{"href":"https:\/\/www.bigcde.com\/de\/wp-json\/wp\/v2\/pages"}],"about":[{"href":"https:\/\/www.bigcde.com\/de\/wp-json\/wp\/v2\/types\/page"}],"author":[{"embeddable":true,"href":"https:\/\/www.bigcde.com\/de\/wp-json\/wp\/v2\/users\/3"}],"replies":[{"embeddable":true,"href":"https:\/\/www.bigcde.com\/de\/wp-json\/wp\/v2\/comments?post=2395"}],"version-history":[{"count":0,"href":"https:\/\/www.bigcde.com\/de\/wp-json\/wp\/v2\/pages\/2395\/revisions"}],"wp:attachment":[{"href":"https:\/\/www.bigcde.com\/de\/wp-json\/wp\/v2\/media?parent=2395"}],"curies":[{"name":"wp","href":"https:\/\/api.w.org\/{rel}","templated":true}]}}